{"id":1355,"date":"2021-10-13T14:06:21","date_gmt":"2021-10-13T14:06:21","guid":{"rendered":"https:\/\/iblp.csbnet.ch\/?page_id=1355"},"modified":"2021-10-13T14:06:21","modified_gmt":"2021-10-13T14:06:21","slug":"grundprinzipien-des-lebens","status":"publish","type":"page","link":"https:\/\/www.iblp.ch\/index.php\/home\/grundprinzipien-des-lebens\/","title":{"rendered":"Grundprinzipien des Lebens"},"content":{"rendered":"\n<h2 class=\"wp-block-heading\">Sieben universale Lebensprinzipien<\/h2>\n\n\n\n<p>Jedes Problem im Leben kann auf die sieben unverzichtbaren Prinzipien zur\u00fcckgef\u00fchrt werden, die man in der Bibel findet. Jeder Mensch, ungeachtet von Kultur, Hintergrund, Religion, Bildung oder sozialem Status, muss entweder diese Prinzipien befolgen, oder die&nbsp;<a href=\"https:\/\/web.archive.org\/web\/20160701173339\/http:\/\/iblp.ch\/index.php?id=40\">Konsequenzen tragen, wenn er gegen sie verst\u00f6sst.<\/a><br><br>Dadurch dass er Prinzipien lernt und keine Regeln, wird der Einzelne bef\u00e4higt,&nbsp;<a href=\"https:\/\/web.archive.org\/web\/20160701173339\/http:\/\/iblp.ch\/index.php?id=38\">weise zu w\u00e4hlen<\/a>&nbsp;und schlechte Entscheidungen zu vermeiden. Das Basis-Seminar soll die Abfolgen von Ursache und Wirkung verstehen helfen.<\/p>\n\n\n\n<h3 class=\"wp-block-heading\">Welches sind die Grundprinzipien des Lebens?<\/h3>\n\n\n\n<h4 class=\"wp-block-heading\">1. Design<\/h4>\n\n\n\n<p>Sie verstehen den spezifischen Zweck zu dem Gott jede einzelne Person, jedes Objekt und jede Beziehung in Ihrem Leben geschaffen hat, und wie Sie in Harmonie damit leben k\u00f6nnen. Wenn ich Gott f\u00fcr mein Design danke, bringt es mir Selbstakzeptanz.<\/p>\n\n\n\n<h4 class=\"wp-block-heading\">2. Autorit\u00e4t<\/h4>\n\n\n\n<p>Sie lernen, die Verantwortlichkeiten von Eltern, Gemeindeleitern, Regierung und anderen Autorit\u00e4ten zu ehren, und erkennen, wie Gott durch sie wirkt, um Ihnen Wegweisung und Schutz zu bieten. Wenn ich meine Autorit\u00e4ten ehre, bringt es mir inneren Frieden.<\/p>\n\n\n\n<h4 class=\"wp-block-heading\">3. Verantwortlichkeit<\/h4>\n\n\n\n<p>Sie erkennen, dass Sie Gott f\u00fcr jeden Gedanken, jedes Wort, jede Handlung und jedes Motiv Rechenschaft ablegen m\u00fcssen. Wenn ich Menschen, die ich verletzt habe, um Verzeihung bitte, schafft mir dies ein reines Gewissen.<\/p>\n\n\n\n<h4 class=\"wp-block-heading\">4. Leiden<\/h4>\n\n\n\n<p>Sie erlauben, dass Verletzungen durch Ihre Schuldiger \u201eBlinde Flecken\u201c in Ihrem eigenen Leben offenbaren, und Sie sehen dann, wie Sie deren Leben wohl tun k\u00f6nnen. Wenn ich meinen Schuldigern vollkommen vergebe, bringt es mir echte Freude.<\/p>\n\n\n\n<h4 class=\"wp-block-heading\">5. Eigentum<\/h4>\n\n\n\n<p>Sie verstehen, dass alles, was Sie haben, Ihnen von Gott anvertraut worden ist, damit Sie es weise f\u00fcr Seine Zwecke nutzen. Wenn ich meine Rechte bewusst Gott ausliefere, schenkt es mir echte Sicherheit.<\/p>\n\n\n\n<h4 class=\"wp-block-heading\">6. Freiheit<\/h4>\n\n\n\n<p>Sie freuen sich dar\u00fcber, dass Sie den Wunsch und die Kraft haben zu tun, was recht ist, statt auf Ihr Vorrecht zu pochen, dass Sie tun k\u00f6nnen, was Sie wollen. Wenn ich Boden, den ich der S\u00fcnde \u00fcberlassen habe, wieder bekomme, bringt mir das moralische Reinheit.<\/p>\n\n\n\n<h4 class=\"wp-block-heading\">7. Erfolg<\/h4>\n\n\n\n<p>Sie entdecken Gottes Zweck f\u00fcr Ihr Leben, indem Sie Bibelverse in Ihr Herz und Denken einpfropfen. Dann k\u00f6nnen Sie \u201eGottes Gedanken denken\u201c und weise Entscheidungen treffen. \u00dcber Bibelstellen nachzusinnen schenkt Lebenszweck.<\/p>\n","protected":false},"excerpt":{"rendered":"<p>Sieben universale Lebensprinzipien Jedes Problem im Leben kann auf die sieben unverzichtbaren Prinzipien zur\u00fcckgef\u00fchrt werden, die man in der Bibel findet. Jeder Mensch, ungeachtet von Kultur, Hintergrund, Religion, Bildung oder sozialem Status, muss entweder diese Prinzipien befolgen, oder die&nbsp;Konsequenzen tragen, wenn er gegen sie verst\u00f6sst. Dadurch dass er Prinzipien lernt und keine Regeln, wird der Einzelne bef\u00e4higt,&nbsp;weise zu w\u00e4hlen&nbsp;und schlechte Entscheidungen zu vermeiden. Das Basis-Seminar soll die Abfolgen von Ursache und Wirkung verstehen helfen. Welches sind die Grundprinzipien des Lebens? 1. Design Sie verstehen den spezifischen Zweck zu dem Gott jede einzelne Person, jedes Objekt und jede Beziehung in Ihrem Leben geschaffen hat, und wie Sie in Harmonie damit leben k\u00f6nnen. Wenn ich Gott f\u00fcr mein Design danke, bringt es mir Selbstakzeptanz. 2. Autorit\u00e4t Sie lernen, die Verantwortlichkeiten von Eltern, Gemeindeleitern, Regierung und anderen Autorit\u00e4ten zu ehren, und erkennen, wie Gott durch sie wirkt, um Ihnen Wegweisung und Schutz zu bieten. Wenn ich meine Autorit\u00e4ten ehre, bringt es mir inneren Frieden. 3. Verantwortlichkeit Sie erkennen, dass Sie Gott f\u00fcr jeden Gedanken, jedes Wort, jede Handlung und jedes Motiv Rechenschaft ablegen m\u00fcssen. Wenn ich Menschen, die ich verletzt habe, um Verzeihung bitte, schafft mir dies ein reines Gewissen. 4. Leiden Sie erlauben, dass Verletzungen durch Ihre Schuldiger \u201eBlinde Flecken\u201c in Ihrem eigenen Leben offenbaren, und Sie sehen dann, wie Sie deren Leben wohl tun k\u00f6nnen. Wenn ich meinen Schuldigern vollkommen vergebe, bringt es mir echte Freude. 5. Eigentum Sie verstehen, dass alles, was Sie haben, Ihnen von Gott anvertraut worden ist, damit Sie es weise f\u00fcr Seine Zwecke nutzen. Wenn ich meine Rechte bewusst Gott ausliefere, schenkt es mir echte Sicherheit. 6. Freiheit Sie freuen sich dar\u00fcber, dass Sie den Wunsch und die Kraft haben zu tun, was recht ist, statt auf Ihr Vorrecht zu pochen, dass Sie tun k\u00f6nnen, was Sie wollen. Wenn ich Boden, den ich der S\u00fcnde \u00fcberlassen habe, wieder bekomme, bringt mir das moralische Reinheit. 7. Erfolg Sie entdecken Gottes Zweck f\u00fcr Ihr Leben, indem Sie Bibelverse in Ihr Herz und Denken einpfropfen. Dann k\u00f6nnen Sie \u201eGottes Gedanken denken\u201c und weise Entscheidungen treffen. \u00dcber Bibelstellen nachzusinnen schenkt Lebenszweck.<\/p>\n","protected":false},"author":1,"featured_media":0,"parent":627,"menu_order":0,"comment_status":"closed","ping_status":"closed","template":"","meta":{"footnotes":""},"class_list":["post-1355","page","type-page","status-publish","hentry"],"acf":[],"_links":{"self":[{"href":"https:\/\/www.iblp.ch\/index.php\/wp-json\/wp\/v2\/pages\/1355","targetHints":{"allow":["GET"]}}],"collection":[{"href":"https:\/\/www.iblp.ch\/index.php\/wp-json\/wp\/v2\/pages"}],"about":[{"href":"https:\/\/www.iblp.ch\/index.php\/wp-json\/wp\/v2\/types\/page"}],"author":[{"embeddable":true,"href":"https:\/\/www.iblp.ch\/index.php\/wp-json\/wp\/v2\/users\/1"}],"replies":[{"embeddable":true,"href":"https:\/\/www.iblp.ch\/index.php\/wp-json\/wp\/v2\/comments?post=1355"}],"version-history":[{"count":1,"href":"https:\/\/www.iblp.ch\/index.php\/wp-json\/wp\/v2\/pages\/1355\/revisions"}],"predecessor-version":[{"id":1356,"href":"https:\/\/www.iblp.ch\/index.php\/wp-json\/wp\/v2\/pages\/1355\/revisions\/1356"}],"up":[{"embeddable":true,"href":"https:\/\/www.iblp.ch\/index.php\/wp-json\/wp\/v2\/pages\/627"}],"wp:attachment":[{"href":"https:\/\/www.iblp.ch\/index.php\/wp-json\/wp\/v2\/media?parent=1355"}],"curies":[{"name":"wp","href":"https:\/\/api.w.org\/{rel}","templated":true}]}}