{"id":1357,"date":"2021-10-13T14:07:30","date_gmt":"2021-10-13T14:07:30","guid":{"rendered":"https:\/\/iblp.csbnet.ch\/?page_id=1357"},"modified":"2021-10-13T14:07:30","modified_gmt":"2021-10-13T14:07:30","slug":"loesen-von-konflikten","status":"publish","type":"page","link":"https:\/\/www.iblp.ch\/index.php\/home\/loesen-von-konflikten\/","title":{"rendered":"L\u00f6sen von Konflikten"},"content":{"rendered":"\n<h2 class=\"wp-block-heading\">Identifizierung der Grundursache eines Problems<\/h2>\n\n\n\n<h3 class=\"wp-block-heading\">Warum es Konflikte gibt<\/h3>\n\n\n\n<p>Genau so, wie es universal g\u00fcltige Gesetze gibt, welche die Welt der Natur regieren, gibt es\u00a0<a href=\"https:\/\/web.archive.org\/web\/20160701191057\/http:\/\/iblp.ch\/index.php?id=41\">Lebensprinzipien<\/a>, die menschliche und zwischenmenschliche Beziehungen regieren. Wenn gegen eines dieser Prinzipien verstossen wird, gibt es vorhersagbare Konsequenzen.<br><br>Wenn gegen Prinzipien\u00a0<a href=\"https:\/\/web.archive.org\/web\/20160701191057\/http:\/\/iblp.ch\/index.php?id=39#c191\">in der Jugend verstossen<\/a>\u00a0wurden,\u00a0 wird dies das ganze Leben lang weiterhin sch\u00e4dliche Auswirkungen auf die Beziehungen haben. Viele \u201eErwachsenenkonflikte\u201c sind in Wirklichkeit \u201eJugendkonflikte\u201c, die nie gel\u00f6st wurden.<\/p>\n\n\n\n<h3 class=\"wp-block-heading\">L\u00f6sen von Konflikten<\/h3>\n\n\n\n<h4 class=\"wp-block-heading\">1. Wie identifiziere ich drei Grundursachen?<\/h4>\n\n\n\n<p>Oberfl\u00e4chenprobleme m\u00fcssen bis zu den Grundursachen zur\u00fcckverfolgt werden. Dann kann man praktische Schritte unternehmen, um nachhaltige L\u00f6sungen zu bewirken.<\/p>\n\n\n\n<h4 class=\"wp-block-heading\">2. Wie soll ich auf Autorit\u00e4ten reagieren?<\/h4>\n\n\n\n<p>Gott hat vier Autorit\u00e4tsstrukturen geschaffen, um f\u00fcr Schutz, Wegweisung und Versorgung zu sorgen. Als von Daniel verlangt wurde, dass er etwas Falsches tun sollte, unternahm er sieben Aktionsschritte, die uns wertvolle Einsicht darein liefern, wie man auf Autorit\u00e4ten reagieren soll.<\/p>\n\n\n\n<h4 class=\"wp-block-heading\">3. Wie werde ich Schuld los?<\/h4>\n\n\n\n<p>Schuldgef\u00fchle aus fr\u00fcherem Versagen erzeugen Konsequenzen auf physischer, emotionaler und spiritueller Ebene. Genaue Anweisung wird gegeben, wie man diese Schuld los wird und Versagen in eine Lebensbotschaft verwandelt.<\/p>\n\n\n\n<h4 class=\"wp-block-heading\">4. Wie \u00fcberwinde ich Bitterkeit?<\/h4>\n\n\n\n<p>Wenn wir die uns durch andere zugef\u00fcgten Verletzungen nicht vergeben, werden diese Wunden&nbsp;<a href=\"https:\/\/web.archive.org\/web\/20160701191057\/http:\/\/iblp.ch\/index.php?id=39#c193\">zu Bitterkeit f\u00fchren<\/a>&nbsp;und uns Schaden zuf\u00fcgen. Lernen Sie, wie man \u00c4rger und Irritationen in echte Liebe umkehrt.<\/p>\n\n\n\n<h4 class=\"wp-block-heading\">5. Wie \u00fcberwinde ich Sorgen und \u00c4ngste?<\/h4>\n\n\n\n<p>Dinge, die wir besitzen, besitzen sehr bald uns selbst \u2013 es sei denn, wir unternehmen Schritte, um Sorgen und \u00c4ngste zu besiegen.<\/p>\n\n\n\n<h4 class=\"wp-block-heading\">6. Wie erlebe ich moralische Reinheit?<\/h4>\n\n\n\n<p>\u00c4rger und Lust sind \u201eZwillinge\u201c und beide kann man durch biblische Aktionsschritte besiegen.<\/p>\n\n\n\n<h4 class=\"wp-block-heading\">7. Wie erlange ich echten Erfolg im Leben?<\/h4>\n\n\n\n<p>Gott verspricht dem, der sich in einer bestimmten geistlichen \u00dcbung \u00fcbt, Erfolg in allem, was er tut. Erfahren Sie, worin diese geistliche \u00dcbung besteht und wie man sie durchf\u00fchrt.<\/p>\n\n\n\n<h3 class=\"wp-block-heading\">Wahrheit durch ungeheuchelte Liebe best\u00e4tigen<\/h3>\n\n\n\n<p>Diese Wahrheiten m\u00fcssen durch Liebe ausgeglichen sein. Liebe wird durch Charakterqualit\u00e4ten ausgedr\u00fcckt, z.B. durch Dankbarkeit, Grossz\u00fcgigkeit, Aufrichtigkeit, Weisheit, Geduld, Demut und Loyalit\u00e4t.<br><br>Wenn z.B. das Prinzip \u201eAutorit\u00e4t\u201c nicht von Erbarmen, Geduld, Freundlichkeit, Ehrerbietung und Flexibilit\u00e4t begleitet wird, werden andere Menschen auf dieses Prinzip negativ reagieren. Daher sollen wir die Wahrheit in Liebe reden (siehe Epheser 4,15).<\/p>\n","protected":false},"excerpt":{"rendered":"<p>Identifizierung der Grundursache eines Problems Warum es Konflikte gibt Genau so, wie es universal g\u00fcltige Gesetze gibt, welche die Welt der Natur regieren, gibt es\u00a0Lebensprinzipien, die menschliche und zwischenmenschliche Beziehungen regieren. Wenn gegen eines dieser Prinzipien verstossen wird, gibt es vorhersagbare Konsequenzen. Wenn gegen Prinzipien\u00a0in der Jugend verstossen\u00a0wurden,\u00a0 wird dies das ganze Leben lang weiterhin sch\u00e4dliche Auswirkungen auf die Beziehungen haben. Viele \u201eErwachsenenkonflikte\u201c sind in Wirklichkeit \u201eJugendkonflikte\u201c, die nie gel\u00f6st wurden. L\u00f6sen von Konflikten 1. Wie identifiziere ich drei Grundursachen? Oberfl\u00e4chenprobleme m\u00fcssen bis zu den Grundursachen zur\u00fcckverfolgt werden. Dann kann man praktische Schritte unternehmen, um nachhaltige L\u00f6sungen zu bewirken. 2. Wie soll ich auf Autorit\u00e4ten reagieren? Gott hat vier Autorit\u00e4tsstrukturen geschaffen, um f\u00fcr Schutz, Wegweisung und Versorgung zu sorgen. Als von Daniel verlangt wurde, dass er etwas Falsches tun sollte, unternahm er sieben Aktionsschritte, die uns wertvolle Einsicht darein liefern, wie man auf Autorit\u00e4ten reagieren soll. 3. Wie werde ich Schuld los? Schuldgef\u00fchle aus fr\u00fcherem Versagen erzeugen Konsequenzen auf physischer, emotionaler und spiritueller Ebene. Genaue Anweisung wird gegeben, wie man diese Schuld los wird und Versagen in eine Lebensbotschaft verwandelt. 4. Wie \u00fcberwinde ich Bitterkeit? Wenn wir die uns durch andere zugef\u00fcgten Verletzungen nicht vergeben, werden diese Wunden&nbsp;zu Bitterkeit f\u00fchren&nbsp;und uns Schaden zuf\u00fcgen. Lernen Sie, wie man \u00c4rger und Irritationen in echte Liebe umkehrt. 5. Wie \u00fcberwinde ich Sorgen und \u00c4ngste? Dinge, die wir besitzen, besitzen sehr bald uns selbst \u2013 es sei denn, wir unternehmen Schritte, um Sorgen und \u00c4ngste zu besiegen. 6. Wie erlebe ich moralische Reinheit? \u00c4rger und Lust sind \u201eZwillinge\u201c und beide kann man durch biblische Aktionsschritte besiegen. 7. Wie erlange ich echten Erfolg im Leben? Gott verspricht dem, der sich in einer bestimmten geistlichen \u00dcbung \u00fcbt, Erfolg in allem, was er tut. Erfahren Sie, worin diese geistliche \u00dcbung besteht und wie man sie durchf\u00fchrt. Wahrheit durch ungeheuchelte Liebe best\u00e4tigen Diese Wahrheiten m\u00fcssen durch Liebe ausgeglichen sein. Liebe wird durch Charakterqualit\u00e4ten ausgedr\u00fcckt, z.B. durch Dankbarkeit, Grossz\u00fcgigkeit, Aufrichtigkeit, Weisheit, Geduld, Demut und Loyalit\u00e4t. Wenn z.B. das Prinzip \u201eAutorit\u00e4t\u201c nicht von Erbarmen, Geduld, Freundlichkeit, Ehrerbietung und Flexibilit\u00e4t begleitet wird, werden andere Menschen auf dieses Prinzip negativ reagieren. Daher sollen wir die Wahrheit in Liebe reden (siehe Epheser 4,15).<\/p>\n","protected":false},"author":1,"featured_media":0,"parent":627,"menu_order":0,"comment_status":"closed","ping_status":"closed","template":"","meta":{"footnotes":""},"class_list":["post-1357","page","type-page","status-publish","hentry"],"acf":[],"_links":{"self":[{"href":"https:\/\/www.iblp.ch\/index.php\/wp-json\/wp\/v2\/pages\/1357","targetHints":{"allow":["GET"]}}],"collection":[{"href":"https:\/\/www.iblp.ch\/index.php\/wp-json\/wp\/v2\/pages"}],"about":[{"href":"https:\/\/www.iblp.ch\/index.php\/wp-json\/wp\/v2\/types\/page"}],"author":[{"embeddable":true,"href":"https:\/\/www.iblp.ch\/index.php\/wp-json\/wp\/v2\/users\/1"}],"replies":[{"embeddable":true,"href":"https:\/\/www.iblp.ch\/index.php\/wp-json\/wp\/v2\/comments?post=1357"}],"version-history":[{"count":1,"href":"https:\/\/www.iblp.ch\/index.php\/wp-json\/wp\/v2\/pages\/1357\/revisions"}],"predecessor-version":[{"id":1358,"href":"https:\/\/www.iblp.ch\/index.php\/wp-json\/wp\/v2\/pages\/1357\/revisions\/1358"}],"up":[{"embeddable":true,"href":"https:\/\/www.iblp.ch\/index.php\/wp-json\/wp\/v2\/pages\/627"}],"wp:attachment":[{"href":"https:\/\/www.iblp.ch\/index.php\/wp-json\/wp\/v2\/media?parent=1357"}],"curies":[{"name":"wp","href":"https:\/\/api.w.org\/{rel}","templated":true}]}}