{"id":1375,"date":"2021-10-13T14:44:26","date_gmt":"2021-10-13T14:44:26","guid":{"rendered":"https:\/\/iblp.csbnet.ch\/?page_id=1375"},"modified":"2021-10-27T13:42:24","modified_gmt":"2021-10-27T13:42:24","slug":"ueber-uns","status":"publish","type":"page","link":"https:\/\/www.iblp.ch\/index.php\/ueber-uns\/","title":{"rendered":"\u00dcber uns"},"content":{"rendered":"\n<h3 class=\"has-text-align-center wp-block-heading\">Das Institute in Basic Life Principles<br>d.h. \u201eInstitut f\u00fcr Grundprinzipien des Lebens\u201c<br>wurde gegr\u00fcndet, um \u201eDer Welt einen \u201aneuen\u2019 Zugang zum Leben zu geben\u201c, wie sein Motto lautet.<\/h3>\n\n\n\n<p><\/p>\n\n\n\n<h2 class=\"wp-block-heading\">IBLP Geschichte<\/h2>\n\n\n\n<p>Der Gr\u00fcnder, Bill Gothard beobachtete als Teenager, wie viele seiner Klassenkameraden sehr unklug handelten und dann ihr Leben lang unter den Konsequenzen&nbsp; leiden mussten. Das motivierte ihn, schon fr\u00fch sein Lebensziel ins Auge zu fassen: Er wollte jungen Menschen helfen, weise Entscheidungen zu treffen.<br>Nach 15 Jahren Arbeit unter Gangs in der Innenstadt von Chicago, in kirchlichen Jugendgruppen, Jugendcamps und Familien in Krisensituationen machte Bill Gothard seinen Master an der Wheaton Graduate School mit einer Arbeit \u00fcber ein Jugendprogramm, in dem er sieben biblische unverzichtbare Lebensprinzipien herausarbeitete, die man in praxisbezogenen Schritten anwenden kann.<br>Rasch bemerkte man, wie wertvoll seine Erkenntnisse f\u00fcr die Seelsorge aber auch f\u00fcr den Einzelnen sind, und aus den Kursen f\u00fcr Jugendliche entwickelte sich das Basis-Seminar, das sich an alle Altersgruppen wendet.<\/p>\n\n\n\n<h2 class=\"wp-block-heading\">Was wir tun<\/h2>\n\n\n\n<p>Das \u201eInstitut f\u00fcr Grundprinzipien des Lebens\u201c, IBLP,&nbsp; wurde gegr\u00fcndet, um Menschen zum Jesus Christus als dem Herrn zu f\u00fchren und ihnen klare und praktische Hilfen zu geben, damit sie ihr Leben nach Gottes Plan und Prinzipien erfolgreich gestalten k\u00f6nnen, wie sie in der Bibel dargelegt sind.<br><br>Heute hat sich die Arbeit enorm erweitert und in vielen L\u00e4ndern der Welt Zweige gebildet, so auch im deutschsprachigen Raum.<br><br>Hier gibt es zurzeit folgende Angebote in deutscher Sprache:<\/p>\n\n\n\n<ul class=\"wp-block-list\"><li>Basis-Seminar<\/li><li>Vertiefungsseminar<\/li><li>Literatur<\/li><li>E-mail-Kurs:&nbsp; Erfolg von Tag zu Tag&nbsp; (in Vorbereitung)<\/li><\/ul>\n\n\n\n<p>IBLP EUROPE<br>Lutisbachweg 3<br>CH-6315 Oberaegeri<br>Schweiz<br>Email:\u00a0\u00a0<a href=\"mailto:info@iblp.ch\" data-type=\"mailto\" data-id=\"mailto:info@iblp.ch\">info(at)iblp(dot)ch<\/a><\/p>\n\n\n\n<p><\/p>\n\n\n\n<p><br><br>F\u00fcr Angebote in englischer Sprache siehe Homepage&nbsp;<a href=\"https:\/\/iblp.org\/\" data-type=\"URL\" data-id=\"https:\/\/iblp.org\/\">www.iblp.org<\/a><\/p>\n","protected":false},"excerpt":{"rendered":"<p>Das Institute in Basic Life Principlesd.h. \u201eInstitut f\u00fcr Grundprinzipien des Lebens\u201cwurde gegr\u00fcndet, um \u201eDer Welt einen \u201aneuen\u2019 Zugang zum Leben zu geben\u201c, wie sein Motto lautet. IBLP Geschichte Der Gr\u00fcnder, Bill Gothard beobachtete als Teenager, wie viele seiner Klassenkameraden sehr unklug handelten und dann ihr Leben lang unter den Konsequenzen&nbsp; leiden mussten. Das motivierte ihn, schon fr\u00fch sein Lebensziel ins Auge zu fassen: Er wollte jungen Menschen helfen, weise Entscheidungen zu treffen.Nach 15 Jahren Arbeit unter Gangs in der Innenstadt von Chicago, in kirchlichen Jugendgruppen, Jugendcamps und Familien in Krisensituationen machte Bill Gothard seinen Master an der Wheaton Graduate School mit einer Arbeit \u00fcber ein Jugendprogramm, in dem er sieben biblische unverzichtbare Lebensprinzipien herausarbeitete, die man in praxisbezogenen Schritten anwenden kann.Rasch bemerkte man, wie wertvoll seine Erkenntnisse f\u00fcr die Seelsorge aber auch f\u00fcr den Einzelnen sind, und aus den Kursen f\u00fcr Jugendliche entwickelte sich das Basis-Seminar, das sich an alle Altersgruppen wendet. Was wir tun Das \u201eInstitut f\u00fcr Grundprinzipien des Lebens\u201c, IBLP,&nbsp; wurde gegr\u00fcndet, um Menschen zum Jesus Christus als dem Herrn zu f\u00fchren und ihnen klare und praktische Hilfen zu geben, damit sie ihr Leben nach Gottes Plan und Prinzipien erfolgreich gestalten k\u00f6nnen, wie sie in der Bibel dargelegt sind. Heute hat sich die Arbeit enorm erweitert und in vielen L\u00e4ndern der Welt Zweige gebildet, so auch im deutschsprachigen Raum. Hier gibt es zurzeit folgende Angebote in deutscher Sprache: Basis-Seminar Vertiefungsseminar Literatur E-mail-Kurs:&nbsp; Erfolg von Tag zu Tag&nbsp; (in Vorbereitung) IBLP EUROPELutisbachweg 3CH-6315 OberaegeriSchweizEmail:\u00a0\u00a0info(at)iblp(dot)ch F\u00fcr Angebote in englischer Sprache siehe Homepage&nbsp;www.iblp.org<\/p>\n","protected":false},"author":1,"featured_media":0,"parent":0,"menu_order":0,"comment_status":"closed","ping_status":"closed","template":"","meta":{"footnotes":""},"class_list":["post-1375","page","type-page","status-publish","hentry"],"acf":[],"_links":{"self":[{"href":"https:\/\/www.iblp.ch\/index.php\/wp-json\/wp\/v2\/pages\/1375","targetHints":{"allow":["GET"]}}],"collection":[{"href":"https:\/\/www.iblp.ch\/index.php\/wp-json\/wp\/v2\/pages"}],"about":[{"href":"https:\/\/www.iblp.ch\/index.php\/wp-json\/wp\/v2\/types\/page"}],"author":[{"embeddable":true,"href":"https:\/\/www.iblp.ch\/index.php\/wp-json\/wp\/v2\/users\/1"}],"replies":[{"embeddable":true,"href":"https:\/\/www.iblp.ch\/index.php\/wp-json\/wp\/v2\/comments?post=1375"}],"version-history":[{"count":12,"href":"https:\/\/www.iblp.ch\/index.php\/wp-json\/wp\/v2\/pages\/1375\/revisions"}],"predecessor-version":[{"id":1410,"href":"https:\/\/www.iblp.ch\/index.php\/wp-json\/wp\/v2\/pages\/1375\/revisions\/1410"}],"wp:attachment":[{"href":"https:\/\/www.iblp.ch\/index.php\/wp-json\/wp\/v2\/media?parent=1375"}],"curies":[{"name":"wp","href":"https:\/\/api.w.org\/{rel}","templated":true}]}}