{"id":1407,"date":"2021-10-27T13:40:43","date_gmt":"2021-10-27T13:40:43","guid":{"rendered":"https:\/\/iblp.csbnet.ch\/?page_id=1407"},"modified":"2021-10-27T13:40:43","modified_gmt":"2021-10-27T13:40:43","slug":"wie-komme-ich-zum-seminar","status":"publish","type":"page","link":"https:\/\/www.iblp.ch\/index.php\/wie-komme-ich-zum-seminar\/","title":{"rendered":"Wie komme ich zum Seminar"},"content":{"rendered":"\n<ul class=\"wp-block-list\"><li>\u00d6ffnen \u00a0Sie in im Web die Seite <a class=\"\" href=\"http:\/\/www.basicseminar.com\">www.basicseminar.com<\/a><\/li><li>W\u00e4hlen Sie oben rechts unter \u201eLanguages\u201c die Sprache \u201eGerman\u201c<\/li><li>Nun finden Sie die 19 Lektionen des Basic Seminars online<\/li><li>Beim Klicken auf die jeweilige Lektion k\u00f6nnen Sie an dieser teilnehmen<\/li><li>Auf dem gr\u00fcnen Banner unter der Lektion k\u00f6nnen Sie die Seiten des dazugeh\u00f6rigen Arbeitsheftes herunterladen<\/li><\/ul>\n\n\n\n<p><\/p>\n\n\n\n<ul class=\"wp-block-list\"><li>Wenn Sie durch dieses Seminar gesegnet werden, k\u00f6nnen Sie die weitere Ausbreitung und \u00dcbersetzungen von weiterem Material mit einer Spende\u00a0zu Gunsten IBLP (Europe) Institute in Basic Life Principles f\u00f6rdern: \u00a0 \u00a0 \u00a0Bankverbindung:\u00a0<strong>IBAN CH 39 0483 5172 3872 0100 0<\/strong><\/li><li>Diverse B\u00fccher in deutscher Sprache sowie weiteres Instruktionsmaterial zur Charakterbildung wird demn\u00e4chst verf\u00fcgbar sein.<\/li><\/ul>\n","protected":false},"excerpt":{"rendered":"<p>\u00d6ffnen \u00a0Sie in im Web die Seite www.basicseminar.com W\u00e4hlen Sie oben rechts unter \u201eLanguages\u201c die Sprache \u201eGerman\u201c Nun finden Sie die 19 Lektionen des Basic Seminars online Beim Klicken auf die jeweilige Lektion k\u00f6nnen Sie an dieser teilnehmen Auf dem gr\u00fcnen Banner unter der Lektion k\u00f6nnen Sie die Seiten des dazugeh\u00f6rigen Arbeitsheftes herunterladen Wenn Sie durch dieses Seminar gesegnet werden, k\u00f6nnen Sie die weitere Ausbreitung und \u00dcbersetzungen von weiterem Material mit einer Spende\u00a0zu Gunsten IBLP (Europe) Institute in Basic Life Principles f\u00f6rdern: \u00a0 \u00a0 \u00a0Bankverbindung:\u00a0IBAN CH 39 0483 5172 3872 0100 0 Diverse B\u00fccher in deutscher Sprache sowie weiteres Instruktionsmaterial zur Charakterbildung wird demn\u00e4chst verf\u00fcgbar sein.<\/p>\n","protected":false},"author":1,"featured_media":0,"parent":0,"menu_order":0,"comment_status":"closed","ping_status":"closed","template":"","meta":{"footnotes":""},"class_list":["post-1407","page","type-page","status-publish","hentry"],"acf":[],"_links":{"self":[{"href":"https:\/\/www.iblp.ch\/index.php\/wp-json\/wp\/v2\/pages\/1407","targetHints":{"allow":["GET"]}}],"collection":[{"href":"https:\/\/www.iblp.ch\/index.php\/wp-json\/wp\/v2\/pages"}],"about":[{"href":"https:\/\/www.iblp.ch\/index.php\/wp-json\/wp\/v2\/types\/page"}],"author":[{"embeddable":true,"href":"https:\/\/www.iblp.ch\/index.php\/wp-json\/wp\/v2\/users\/1"}],"replies":[{"embeddable":true,"href":"https:\/\/www.iblp.ch\/index.php\/wp-json\/wp\/v2\/comments?post=1407"}],"version-history":[{"count":1,"href":"https:\/\/www.iblp.ch\/index.php\/wp-json\/wp\/v2\/pages\/1407\/revisions"}],"predecessor-version":[{"id":1408,"href":"https:\/\/www.iblp.ch\/index.php\/wp-json\/wp\/v2\/pages\/1407\/revisions\/1408"}],"wp:attachment":[{"href":"https:\/\/www.iblp.ch\/index.php\/wp-json\/wp\/v2\/media?parent=1407"}],"curies":[{"name":"wp","href":"https:\/\/api.w.org\/{rel}","templated":true}]}}