{"id":627,"date":"2018-01-22T08:03:37","date_gmt":"2018-01-22T08:03:37","guid":{"rendered":"http:\/\/wp-royal.com\/themes\/ashe-free\/demo-import\/?page_id=627"},"modified":"2021-10-13T15:52:15","modified_gmt":"2021-10-13T15:52:15","slug":"home","status":"publish","type":"page","link":"https:\/\/www.iblp.ch\/","title":{"rendered":"Basis Seminar"},"content":{"rendered":"\n<h2 class=\"wp-block-heading\">Ein Seminar zur L\u00f6sung von zugrunde liegenden Jugendkonflikten<\/h2>\n\n\n<p>M\u00f6chten Sie Konflikte mit Ihrer Familie, Ihren Mitarbeitern oder Freunden l\u00f6sen und in Zukunft vermeiden? M\u00f6chten Sie Gottes Willen f\u00fcr Entscheidungen erkennen, vor denen Sie stehen? K\u00e4mpfen Sie gegen eine S\u00fcnde und schlechte Gewohnheiten an und haben dabei das Gef\u00fchl, Sie werden diese nie \u00fcberwinden k\u00f6nnen?<\/p>\n<p><img loading=\"lazy\" decoding=\"async\" class=\"size-medium wp-image-34 alignleft\" src=\"https:\/\/www.iblp.ch\/wp-content\/uploads\/2017\/08\/image_17-300x200.jpg\" alt=\"\" width=\"300\" height=\"200\" srcset=\"https:\/\/www.iblp.ch\/wp-content\/uploads\/2017\/08\/image_17-300x200.jpg 300w, https:\/\/www.iblp.ch\/wp-content\/uploads\/2017\/08\/image_17-1024x683.jpg 1024w, https:\/\/www.iblp.ch\/wp-content\/uploads\/2017\/08\/image_17-768x512.jpg 768w, https:\/\/www.iblp.ch\/wp-content\/uploads\/2017\/08\/image_17-1140x760.jpg 1140w, https:\/\/www.iblp.ch\/wp-content\/uploads\/2017\/08\/image_17.jpg 1200w\" sizes=\"auto, (max-width: 300px) 100vw, 300px\" \/>Auf diese und andere Fragen geht Dr. Bill Gothard in diesem \u00e4usserst kompakten Seminar \u00fcber praktisches Christsein ein. Die 25 Lehrstunden richten den Fokus auf sieben biblische Prinzipien und sind so geplant, dass sie Ihnen helfen sollen, das ganze Leben aus Gottes Perspektive zu sehen.<\/p>\n<p>Seit dem ersten Basis-Seminar, das 1964 stattfand, haben \u00fcber 2,5 Millionen Menschen in der ganzen Welt gelernt, wie die Bibel nachhaltige Antworten auf die Herausforderungen und&nbsp; Wahlm\u00f6glichkeiten des Lebens bietet. Diese biblischen Prinzipien haben nicht nur einzelnen Menschen geholfen, ihren pers\u00f6nlichen Wandel mit Gott zu vertiefen, sondern sie haben auch Gemeinden und Familien umgewandelt und stark gemacht.<\/p>\n<p>Die im Seminar behandelten Themen sind u.a.<\/p>\n<ul>\n<li>Wie man Oberfl\u00e4chenprobleme auf Grundursachen zur\u00fcckverfolgt<\/li>\n<li>Wie man Minderwertigkeitsgef\u00fchle \u00fcberwindet<\/li>\n<li>Wie man mit Schuld fertig wird<\/li>\n<li>Wie man \u00c4rger und Bitterkeit besiegt<\/li>\n<li>Wie man sch\u00e4dliche Gewohnheiten \u00fcberwindet<\/li>\n<li>Wie man echten Erfolg erlebt<\/li>\n<li>Wie man den Sinn des Lebens entdeckt<\/li>\n<li>Wie man finanzielle Freiheit bekommt<\/li>\n<li>Wie man echte Freundschaft aufbaut<\/li>\n<li>Wie man Harmonie in der Ehe bekommt<\/li>\n<li><a class=\"internal-link\" href=\"https:\/\/web.archive.org\/web\/20160406070646\/http:\/\/iblp.ch\/index.php?id=38\">Und noch mehr!&gt;&gt;<\/a><\/li>\n<\/ul>\n\n\n<p><\/p>\n","protected":false},"excerpt":{"rendered":"<p>Ein Seminar zur L\u00f6sung von zugrunde liegenden Jugendkonflikten M\u00f6chten Sie Konflikte mit Ihrer Familie, Ihren Mitarbeitern oder Freunden l\u00f6sen und in Zukunft vermeiden? M\u00f6chten Sie Gottes Willen f\u00fcr Entscheidungen erkennen, vor denen Sie stehen? K\u00e4mpfen Sie gegen eine S\u00fcnde und schlechte Gewohnheiten an und haben dabei das Gef\u00fchl, Sie werden diese nie \u00fcberwinden k\u00f6nnen? Auf diese und andere Fragen geht Dr. Bill Gothard in diesem \u00e4usserst kompakten Seminar \u00fcber praktisches Christsein ein. Die 25 Lehrstunden richten den Fokus auf sieben biblische Prinzipien und sind so geplant, dass sie Ihnen helfen sollen, das ganze Leben aus Gottes Perspektive zu sehen. Seit dem ersten Basis-Seminar, das 1964 stattfand, haben \u00fcber 2,5 Millionen Menschen in der ganzen Welt gelernt, wie die Bibel nachhaltige Antworten auf die Herausforderungen und&nbsp; Wahlm\u00f6glichkeiten des Lebens bietet. Diese biblischen Prinzipien haben nicht nur einzelnen Menschen geholfen, ihren pers\u00f6nlichen Wandel mit Gott zu vertiefen, sondern sie haben auch Gemeinden und Familien umgewandelt und stark gemacht. Die im Seminar behandelten Themen sind u.a. Wie man Oberfl\u00e4chenprobleme auf Grundursachen zur\u00fcckverfolgt Wie man Minderwertigkeitsgef\u00fchle \u00fcberwindet Wie man mit Schuld fertig wird Wie man \u00c4rger und Bitterkeit besiegt Wie man sch\u00e4dliche Gewohnheiten \u00fcberwindet Wie man echten Erfolg erlebt Wie man den Sinn des Lebens entdeckt Wie man finanzielle Freiheit bekommt Wie man echte Freundschaft aufbaut Wie man Harmonie in der Ehe bekommt Und noch mehr!&gt;&gt;<\/p>\n","protected":false},"author":1,"featured_media":640,"parent":0,"menu_order":0,"comment_status":"closed","ping_status":"closed","template":"","meta":{"footnotes":""},"class_list":["post-627","page","type-page","status-publish","has-post-thumbnail","hentry"],"acf":[],"_links":{"self":[{"href":"https:\/\/www.iblp.ch\/index.php\/wp-json\/wp\/v2\/pages\/627","targetHints":{"allow":["GET"]}}],"collection":[{"href":"https:\/\/www.iblp.ch\/index.php\/wp-json\/wp\/v2\/pages"}],"about":[{"href":"https:\/\/www.iblp.ch\/index.php\/wp-json\/wp\/v2\/types\/page"}],"author":[{"embeddable":true,"href":"https:\/\/www.iblp.ch\/index.php\/wp-json\/wp\/v2\/users\/1"}],"replies":[{"embeddable":true,"href":"https:\/\/www.iblp.ch\/index.php\/wp-json\/wp\/v2\/comments?post=627"}],"version-history":[{"count":2,"href":"https:\/\/www.iblp.ch\/index.php\/wp-json\/wp\/v2\/pages\/627\/revisions"}],"predecessor-version":[{"id":1341,"href":"https:\/\/www.iblp.ch\/index.php\/wp-json\/wp\/v2\/pages\/627\/revisions\/1341"}],"wp:featuredmedia":[{"embeddable":true,"href":"https:\/\/www.iblp.ch\/index.php\/wp-json\/wp\/v2\/media\/640"}],"wp:attachment":[{"href":"https:\/\/www.iblp.ch\/index.php\/wp-json\/wp\/v2\/media?parent=627"}],"curies":[{"name":"wp","href":"https:\/\/api.w.org\/{rel}","templated":true}]}}